{"id":864,"date":"2022-05-19T11:07:08","date_gmt":"2022-05-19T11:07:08","guid":{"rendered":"https:\/\/www.cetruc.pt\/?page_id=864"},"modified":"2022-10-28T14:17:08","modified_gmt":"2022-10-28T14:17:08","slug":"cirurgia-urologica-aberta","status":"publish","type":"page","link":"https:\/\/www.cetruc.pt\/en\/cirurgias-tratamentos\/cirurgia-urologica-aberta\/","title":{"rendered":"Open Urologic Surgery"},"content":{"rendered":"<div data-elementor-type=\"wp-page\" data-elementor-id=\"864\" class=\"elementor elementor-864\" data-elementor-post-type=\"page\">\n\t\t\t\t\t\t<section class=\"elementor-section elementor-top-section elementor-element elementor-element-af8ab76 elementor-reverse-mobile elementor-section-content-middle elementor-section-boxed elementor-section-height-default elementor-section-height-default\" data-id=\"af8ab76\" data-element_type=\"section\" data-e-type=\"section\" data-settings=\"{&quot;background_background&quot;:&quot;classic&quot;}\">\n\t\t\t\t\t\t<div class=\"elementor-container elementor-column-gap-default\">\n\t\t\t\t\t<div class=\"elementor-column elementor-col-100 elementor-top-column elementor-element elementor-element-be19236\" data-id=\"be19236\" data-element_type=\"column\" data-e-type=\"column\" data-settings=\"{&quot;background_background&quot;:&quot;classic&quot;}\">\n\t\t\t<div class=\"elementor-widget-wrap elementor-element-populated\">\n\t\t\t\t\t<div class=\"elementor-background-overlay\"><\/div>\n\t\t\t\t\t\t<div class=\"elementor-element elementor-element-e212402 elementor-widget elementor-widget-heading\" data-id=\"e212402\" data-element_type=\"widget\" data-e-type=\"widget\" data-widget_type=\"heading.default\">\n\t\t\t\t<div class=\"elementor-widget-container\">\n\t\t\t\t\t<h1 class=\"elementor-heading-title elementor-size-default\">Open Urologic Surgery<\/h1>\t\t\t\t<\/div>\n\t\t\t\t<\/div>\n\t\t\t\t\t<\/div>\n\t\t<\/div>\n\t\t\t\t\t<\/div>\n\t\t<\/section>\n\t\t\t\t<section class=\"elementor-section elementor-top-section elementor-element elementor-element-158eb16 elementor-section-boxed elementor-section-height-default elementor-section-height-default\" data-id=\"158eb16\" data-element_type=\"section\" data-e-type=\"section\" data-settings=\"{&quot;background_background&quot;:&quot;classic&quot;}\">\n\t\t\t\t\t\t<div class=\"elementor-container elementor-column-gap-custom\">\n\t\t\t\t\t<div class=\"elementor-column elementor-col-50 elementor-top-column elementor-element elementor-element-60df914\" data-id=\"60df914\" data-element_type=\"column\" data-e-type=\"column\">\n\t\t\t<div class=\"elementor-widget-wrap elementor-element-populated\">\n\t\t\t\t\t\t<div class=\"elementor-element elementor-element-7c6192d elementor-tabs-view-horizontal elementor-widget elementor-widget-tabs\" data-id=\"7c6192d\" data-element_type=\"widget\" data-e-type=\"widget\" data-widget_type=\"tabs.default\">\n\t\t\t\t<div class=\"elementor-widget-container\">\n\t\t\t\t\t\t\t<div class=\"elementor-tabs\">\n\t\t\t<div class=\"elementor-tabs-wrapper\" role=\"tablist\" >\n\t\t\t\t\t\t\t\t\t<div id=\"elementor-tab-title-1301\" class=\"elementor-tab-title elementor-tab-desktop-title\" aria-selected=\"true\" data-tab=\"1\" role=\"tab\" tabindex=\"0\" aria-controls=\"elementor-tab-content-1301\" aria-expanded=\"false\">Treatment<\/div>\n\t\t\t\t\t\t\t\t\t<div id=\"elementor-tab-title-1302\" class=\"elementor-tab-title elementor-tab-desktop-title\" aria-selected=\"false\" data-tab=\"2\" role=\"tab\" tabindex=\"-1\" aria-controls=\"elementor-tab-content-1302\" aria-expanded=\"false\">Procedure<\/div>\n\t\t\t\t\t\t\t\t\t<div id=\"elementor-tab-title-1303\" class=\"elementor-tab-title elementor-tab-desktop-title\" aria-selected=\"false\" data-tab=\"3\" role=\"tab\" tabindex=\"-1\" aria-controls=\"elementor-tab-content-1303\" aria-expanded=\"false\">FAQS<\/div>\n\t\t\t\t\t\t\t<\/div>\n\t\t\t<div class=\"elementor-tabs-content-wrapper\" role=\"tablist\" aria-orientation=\"vertical\">\n\t\t\t\t\t\t\t\t\t<div class=\"elementor-tab-title elementor-tab-mobile-title\" aria-selected=\"true\" data-tab=\"1\" role=\"tab\" tabindex=\"0\" aria-controls=\"elementor-tab-content-1301\" aria-expanded=\"false\">Treatment<\/div>\n\t\t\t\t\t<div id=\"elementor-tab-content-1301\" class=\"elementor-tab-content elementor-clearfix\" data-tab=\"1\" role=\"tabpanel\" aria-labelledby=\"elementor-tab-title-1301\" tabindex=\"0\" hidden=\"false\"><iframe src=\"https:\/\/www.youtube.com\/embed\/EAqTXTNFYIM?autoplay=1&amp;loop=1&amp;modestbranding=1\" width=\"560\" height=\"480\" frameborder=\"0\" allowfullscreen=\"allowfullscreen\">\n<\/iframe>\n\nTraditional open urologic surgery, in which large incisions are made to access the abdominal and pelvic organs, has been the standard approach for urological surgery. While open surgery is sometimes necessary, common drawbacks of this procedure include significant post-surgical pain, a lengthy recovery and an unattractive surgical incision.\n<br><br>\nWhenever it is possible and best for the patient, we use minimally invasive surgery, including endoscopy, laparoscopy and the da Vinci Surgical System.<\/div>\n\t\t\t\t\t\t\t\t\t<div class=\"elementor-tab-title elementor-tab-mobile-title\" aria-selected=\"false\" data-tab=\"2\" role=\"tab\" tabindex=\"-1\" aria-controls=\"elementor-tab-content-1302\" aria-expanded=\"false\">Procedure<\/div>\n\t\t\t\t\t<div id=\"elementor-tab-content-1302\" class=\"elementor-tab-content elementor-clearfix\" data-tab=\"2\" role=\"tabpanel\" aria-labelledby=\"elementor-tab-title-1302\" tabindex=\"0\" hidden=\"hidden\"><p>Open surgery has different approaches and incisions, depending on the organs to be treated. (kidneys, excretory, urinary tract, bladder, prostate, external genitals, etc.)<\/p><\/div>\n\t\t\t\t\t\t\t\t\t<div class=\"elementor-tab-title elementor-tab-mobile-title\" aria-selected=\"false\" data-tab=\"3\" role=\"tab\" tabindex=\"-1\" aria-controls=\"elementor-tab-content-1303\" aria-expanded=\"false\">FAQS<\/div>\n\t\t\t\t\t<div id=\"elementor-tab-content-1303\" class=\"elementor-tab-content elementor-clearfix\" data-tab=\"3\" role=\"tabpanel\" aria-labelledby=\"elementor-tab-title-1303\" tabindex=\"0\" hidden=\"hidden\">Open surgery allows a panoramic view of the area to be operated, it is effective, safe and has been the gold standard for the last few decades. The current trend is towards less invasive and also more innovative surgeries, which allow for a shorter hospital stay and faster recovery.<\/div>\n\t\t\t\t\t\t\t<\/div>\n\t\t<\/div>\n\t\t\t\t\t\t<\/div>\n\t\t\t\t<\/div>\n\t\t\t\t\t<\/div>\n\t\t<\/div>\n\t\t\t\t<div class=\"elementor-column elementor-col-50 elementor-top-column elementor-element elementor-element-9d2fd54\" data-id=\"9d2fd54\" data-element_type=\"column\" data-e-type=\"column\">\n\t\t\t<div class=\"elementor-widget-wrap elementor-element-populated\">\n\t\t\t\t\t\t<div class=\"elementor-element elementor-element-107d5c6 elementor-widget-divider--view-line_text elementor-widget-divider--element-align-left elementor-widget elementor-widget-divider\" data-id=\"107d5c6\" data-element_type=\"widget\" data-e-type=\"widget\" data-widget_type=\"divider.default\">\n\t\t\t\t<div class=\"elementor-widget-container\">\n\t\t\t\t\t\t\t<div class=\"elementor-divider\">\n\t\t\t<span class=\"elementor-divider-separator\">\n\t\t\t\t\t\t\t<span class=\"elementor-divider__text elementor-divider__element\">\n\t\t\t\tNext Steps\t\t\t\t<\/span>\n\t\t\t\t\t\t<\/span>\n\t\t<\/div>\n\t\t\t\t\t\t<\/div>\n\t\t\t\t<\/div>\n\t\t\t\t<div class=\"elementor-element elementor-element-6040c9a next-steps elementor-widget elementor-widget-button\" data-id=\"6040c9a\" data-element_type=\"widget\" data-e-type=\"widget\" data-widget_type=\"button.default\">\n\t\t\t\t<div class=\"elementor-widget-container\">\n\t\t\t\t\t\t\t\t\t<div class=\"elementor-button-wrapper\">\n\t\t\t\t\t<a class=\"elementor-button elementor-button-link elementor-size-sm\" href=\"#elementor-action%3Aaction%3Dpopup%3Aopen%26settings%3DeyJpZCI6IjE2NjkiLCJ0b2dnbGUiOmZhbHNlfQ%3D%3D\">\n\t\t\t\t\t\t<span class=\"elementor-button-content-wrapper\">\n\t\t\t\t\t\t<span class=\"elementor-button-icon\">\n\t\t\t\t<i aria-hidden=\"true\" class=\"fas fa-phone-volume\"><\/i>\t\t\t<\/span>\n\t\t\t\t\t\t\t\t\t<span class=\"elementor-button-text\">Request Callback<\/span>\n\t\t\t\t\t<\/span>\n\t\t\t\t\t<\/a>\n\t\t\t\t<\/div>\n\t\t\t\t\t\t\t\t<\/div>\n\t\t\t\t<\/div>\n\t\t\t\t<div class=\"elementor-element elementor-element-aa8db5b elementor-widget-divider--view-line_text elementor-widget-divider--element-align-left elementor-widget elementor-widget-divider\" data-id=\"aa8db5b\" data-element_type=\"widget\" data-e-type=\"widget\" data-widget_type=\"divider.default\">\n\t\t\t\t<div class=\"elementor-widget-container\">\n\t\t\t\t\t\t\t<div class=\"elementor-divider\">\n\t\t\t<span class=\"elementor-divider-separator\">\n\t\t\t\t\t\t\t<span class=\"elementor-divider__text elementor-divider__element\">\n\t\t\t\tSurgeries &amp; Treatments\t\t\t\t<\/span>\n\t\t\t\t\t\t<\/span>\n\t\t<\/div>\n\t\t\t\t\t\t<\/div>\n\t\t\t\t<\/div>\n\t\t\t\t<div class=\"elementor-element elementor-element-a560750 elementor-nav-menu--dropdown-none info-sidebar elementor-widget elementor-widget-nav-menu\" data-id=\"a560750\" data-element_type=\"widget\" data-e-type=\"widget\" data-settings=\"{&quot;layout&quot;:&quot;vertical&quot;,&quot;submenu_icon&quot;:{&quot;value&quot;:&quot;&lt;i class=\\&quot;fas fa-caret-down\\&quot;&gt;&lt;\\\/i&gt;&quot;,&quot;library&quot;:&quot;fa-solid&quot;}}\" data-widget_type=\"nav-menu.default\">\n\t\t\t\t<div class=\"elementor-widget-container\">\n\t\t\t\t\t\t\t\t<nav aria-label=\"Menu\" class=\"elementor-nav-menu--main elementor-nav-menu__container elementor-nav-menu--layout-vertical e--pointer-text e--animation-float\">\n\t\t\t\t<ul id=\"menu-1-a560750\" class=\"elementor-nav-menu sm-vertical\"><li class=\"menu-item menu-item-type-post_type menu-item-object-page menu-item-2286\"><a href=\"https:\/\/www.cetruc.pt\/en\/cirurgias-tratamentos\/cirurgia-urologica-aberta\/\" class=\"elementor-item\">Open Urologic Surgery<\/a><\/li>\n<li class=\"menu-item menu-item-type-post_type menu-item-object-page menu-item-2289\"><a href=\"https:\/\/www.cetruc.pt\/en\/cirurgias-tratamentos\/criocirurgia\/\" class=\"elementor-item\">Cryosurgery<\/a><\/li>\n<li class=\"menu-item menu-item-type-post_type menu-item-object-page menu-item-2291\"><a href=\"https:\/\/www.cetruc.pt\/en\/cirurgias-tratamentos\/litotricia-extra-corporea-por-ondas-de-choque\/\" class=\"elementor-item\">Shock Wave Lithotripsy<\/a><\/li>\n<li class=\"menu-item menu-item-type-post_type menu-item-object-page menu-item-2287\"><a href=\"https:\/\/www.cetruc.pt\/en\/cirurgias-tratamentos\/cirurgia-urologica-endoscopica\/\" class=\"elementor-item\">Endoscopic Urologic Surgery<\/a><\/li>\n<li class=\"menu-item menu-item-type-post_type menu-item-object-page menu-item-2284\"><a href=\"https:\/\/www.cetruc.pt\/en\/cirurgias-tratamentos\/braquiterapia-prostatica\/\" class=\"elementor-item\">Prostate Brachytherapy<\/a><\/li>\n<li class=\"menu-item menu-item-type-post_type menu-item-object-page menu-item-2285\"><a href=\"https:\/\/www.cetruc.pt\/en\/cirurgias-tratamentos\/cirurgia-laser\/\" class=\"elementor-item\">Laser Surgery<\/a><\/li>\n<li class=\"menu-item menu-item-type-post_type menu-item-object-page menu-item-2288\"><a href=\"https:\/\/www.cetruc.pt\/en\/cirurgias-tratamentos\/cirurgia-urologica-laparoscopica\/\" class=\"elementor-item\">Laparascopic Urological Surgery<\/a><\/li>\n<li class=\"menu-item menu-item-type-post_type menu-item-object-page menu-item-2290\"><a href=\"https:\/\/www.cetruc.pt\/en\/cirurgias-tratamentos\/litotricia-de-contacto-por-laser\/\" class=\"elementor-item\">Laser Lithotripsy<\/a><\/li>\n<li class=\"menu-item menu-item-type-post_type menu-item-object-page menu-item-2292\"><a href=\"https:\/\/www.cetruc.pt\/en\/cirurgias-tratamentos\/reabilitacao-e-fisioterapia-do-pavimento-pelvico\/\" class=\"elementor-item\">Pelvic Floor Rehabilitation and Physiotherapy<\/a><\/li>\n<\/ul>\t\t\t<\/nav>\n\t\t\t\t\t\t<nav class=\"elementor-nav-menu--dropdown elementor-nav-menu__container\" aria-hidden=\"true\">\n\t\t\t\t<ul id=\"menu-2-a560750\" class=\"elementor-nav-menu sm-vertical\"><li class=\"menu-item menu-item-type-post_type menu-item-object-page menu-item-2286\"><a href=\"https:\/\/www.cetruc.pt\/en\/cirurgias-tratamentos\/cirurgia-urologica-aberta\/\" class=\"elementor-item\" tabindex=\"-1\">Open Urologic Surgery<\/a><\/li>\n<li class=\"menu-item menu-item-type-post_type menu-item-object-page menu-item-2289\"><a href=\"https:\/\/www.cetruc.pt\/en\/cirurgias-tratamentos\/criocirurgia\/\" class=\"elementor-item\" tabindex=\"-1\">Cryosurgery<\/a><\/li>\n<li class=\"menu-item menu-item-type-post_type menu-item-object-page menu-item-2291\"><a href=\"https:\/\/www.cetruc.pt\/en\/cirurgias-tratamentos\/litotricia-extra-corporea-por-ondas-de-choque\/\" class=\"elementor-item\" tabindex=\"-1\">Shock Wave Lithotripsy<\/a><\/li>\n<li class=\"menu-item menu-item-type-post_type menu-item-object-page menu-item-2287\"><a href=\"https:\/\/www.cetruc.pt\/en\/cirurgias-tratamentos\/cirurgia-urologica-endoscopica\/\" class=\"elementor-item\" tabindex=\"-1\">Endoscopic Urologic Surgery<\/a><\/li>\n<li class=\"menu-item menu-item-type-post_type menu-item-object-page menu-item-2284\"><a href=\"https:\/\/www.cetruc.pt\/en\/cirurgias-tratamentos\/braquiterapia-prostatica\/\" class=\"elementor-item\" tabindex=\"-1\">Prostate Brachytherapy<\/a><\/li>\n<li class=\"menu-item menu-item-type-post_type menu-item-object-page menu-item-2285\"><a href=\"https:\/\/www.cetruc.pt\/en\/cirurgias-tratamentos\/cirurgia-laser\/\" class=\"elementor-item\" tabindex=\"-1\">Laser Surgery<\/a><\/li>\n<li class=\"menu-item menu-item-type-post_type menu-item-object-page menu-item-2288\"><a href=\"https:\/\/www.cetruc.pt\/en\/cirurgias-tratamentos\/cirurgia-urologica-laparoscopica\/\" class=\"elementor-item\" tabindex=\"-1\">Laparascopic Urological Surgery<\/a><\/li>\n<li class=\"menu-item menu-item-type-post_type menu-item-object-page menu-item-2290\"><a href=\"https:\/\/www.cetruc.pt\/en\/cirurgias-tratamentos\/litotricia-de-contacto-por-laser\/\" class=\"elementor-item\" tabindex=\"-1\">Laser Lithotripsy<\/a><\/li>\n<li class=\"menu-item menu-item-type-post_type menu-item-object-page menu-item-2292\"><a href=\"https:\/\/www.cetruc.pt\/en\/cirurgias-tratamentos\/reabilitacao-e-fisioterapia-do-pavimento-pelvico\/\" class=\"elementor-item\" tabindex=\"-1\">Pelvic Floor Rehabilitation and Physiotherapy<\/a><\/li>\n<\/ul>\t\t\t<\/nav>\n\t\t\t\t\t\t<\/div>\n\t\t\t\t<\/div>\n\t\t\t\t\t<\/div>\n\t\t<\/div>\n\t\t\t\t\t<\/div>\n\t\t<\/section>\n\t\t\t\t<\/div>","protected":false},"excerpt":{"rendered":"<p>Cirurgia Urol\u00f3gica Aberta Tratamento Procedimento FAQs Tratamento A cirurgia urol\u00f3gica aberta tradicional, na qual pequenas ou grandes incis\u00f5es s\u00e3o efectuadas para aceder aos \u00f3rg\u00e3os abdominais e p\u00e9lvicos, tem sido a abordagem padr\u00e3o para a cirurgia urol\u00f3gica. Sempre que poss\u00edvel e melhor para o doente, cirurgias minimamente invasivas, incluindo endoscopia, laparoscopia e cirurgia rob\u00f3tica. Procedimento A [&hellip;]<\/p>\n","protected":false},"author":3,"featured_media":3464,"parent":817,"menu_order":0,"comment_status":"closed","ping_status":"closed","template":"","meta":{"ngg_post_thumbnail":0,"cybocfi_hide_featured_image":"","footnotes":""},"class_list":["post-864","page","type-page","status-publish","has-post-thumbnail","hentry"],"yoast_head":"<!-- This site is optimized with the Yoast SEO plugin v27.1.1 - https:\/\/yoast.com\/product\/yoast-seo-wordpress\/ -->\n<title>Cirurgia Urol\u00f3gica Aberta &#8211; CETRUC<\/title>\n<meta name=\"robots\" content=\"index, follow, max-snippet:-1, max-image-preview:large, max-video-preview:-1\" \/>\n<link rel=\"canonical\" href=\"https:\/\/www.cetruc.pt\/en\/cirurgias-tratamentos\/cirurgia-urologica-aberta\/\" \/>\n<meta property=\"og:locale\" content=\"en_US\" \/>\n<meta property=\"og:type\" content=\"article\" \/>\n<meta property=\"og:title\" content=\"Cirurgia Urol\u00f3gica Aberta &#8211; CETRUC\" \/>\n<meta property=\"og:url\" content=\"https:\/\/www.cetruc.pt\/en\/cirurgias-tratamentos\/cirurgia-urologica-aberta\/\" \/>\n<meta property=\"og:site_name\" content=\"CETRUC\" \/>\n<meta property=\"article:publisher\" content=\"https:\/\/www.facebook.com\/Cetruc-761188350624626\" \/>\n<meta property=\"article:modified_time\" content=\"2022-10-28T14:17:08+00:00\" \/>\n<meta property=\"og:image\" content=\"https:\/\/www.cetruc.pt\/wp-content\/uploads\/2022\/06\/Cetruc-Logo-New_HighRes-03-1.png\" \/>\n\t<meta property=\"og:image:width\" content=\"2570\" \/>\n\t<meta property=\"og:image:height\" content=\"2409\" \/>\n\t<meta property=\"og:image:type\" content=\"image\/png\" \/>\n<meta name=\"twitter:card\" content=\"summary_large_image\" \/>\n<meta name=\"twitter:label1\" content=\"Est. reading time\" \/>\n\t<meta name=\"twitter:data1\" content=\"1 minute\" \/>\n<script type=\"application\/ld+json\" class=\"yoast-schema-graph\">{\"@context\":\"https:\/\/schema.org\",\"@graph\":[{\"@type\":\"WebPage\",\"@id\":\"https:\/\/www.cetruc.pt\/cirurgias-tratamentos\/cirurgia-urologica-aberta\/\",\"url\":\"https:\/\/www.cetruc.pt\/cirurgias-tratamentos\/cirurgia-urologica-aberta\/\",\"name\":\"Cirurgia Urol\u00f3gica Aberta &#8211; CETRUC\",\"isPartOf\":{\"@id\":\"https:\/\/www.cetruc.pt\/#website\"},\"primaryImageOfPage\":{\"@id\":\"https:\/\/www.cetruc.pt\/cirurgias-tratamentos\/cirurgia-urologica-aberta\/#primaryimage\"},\"image\":{\"@id\":\"https:\/\/www.cetruc.pt\/cirurgias-tratamentos\/cirurgia-urologica-aberta\/#primaryimage\"},\"thumbnailUrl\":\"https:\/\/www.cetruc.pt\/wp-content\/uploads\/2022\/06\/Cetruc-Logo-New_HighRes-03-1.png\",\"datePublished\":\"2022-05-19T11:07:08+00:00\",\"dateModified\":\"2022-10-28T14:17:08+00:00\",\"breadcrumb\":{\"@id\":\"https:\/\/www.cetruc.pt\/cirurgias-tratamentos\/cirurgia-urologica-aberta\/#breadcrumb\"},\"inLanguage\":\"en-US\",\"potentialAction\":[{\"@type\":\"ReadAction\",\"target\":[\"https:\/\/www.cetruc.pt\/cirurgias-tratamentos\/cirurgia-urologica-aberta\/\"]}]},{\"@type\":\"ImageObject\",\"inLanguage\":\"en-US\",\"@id\":\"https:\/\/www.cetruc.pt\/cirurgias-tratamentos\/cirurgia-urologica-aberta\/#primaryimage\",\"url\":\"https:\/\/www.cetruc.pt\/wp-content\/uploads\/2022\/06\/Cetruc-Logo-New_HighRes-03-1.png\",\"contentUrl\":\"https:\/\/www.cetruc.pt\/wp-content\/uploads\/2022\/06\/Cetruc-Logo-New_HighRes-03-1.png\",\"width\":2570,\"height\":2409,\"caption\":\"Logotipo Urologia\"},{\"@type\":\"BreadcrumbList\",\"@id\":\"https:\/\/www.cetruc.pt\/cirurgias-tratamentos\/cirurgia-urologica-aberta\/#breadcrumb\",\"itemListElement\":[{\"@type\":\"ListItem\",\"position\":1,\"name\":\"In\u00edcio\",\"item\":\"https:\/\/www.cetruc.pt\/\"},{\"@type\":\"ListItem\",\"position\":2,\"name\":\"Cirurgias e Tratamentos\",\"item\":\"https:\/\/www.cetruc.pt\/cirurgias-tratamentos\/\"},{\"@type\":\"ListItem\",\"position\":3,\"name\":\"Cirurgia Urol\u00f3gica Aberta\"}]},{\"@type\":\"WebSite\",\"@id\":\"https:\/\/www.cetruc.pt\/#website\",\"url\":\"https:\/\/www.cetruc.pt\/\",\"name\":\"CETRUC\",\"description\":\"Centro de Tratamento Urol\u00f3gico de Coimbra\",\"publisher\":{\"@id\":\"https:\/\/www.cetruc.pt\/#organization\"},\"potentialAction\":[{\"@type\":\"SearchAction\",\"target\":{\"@type\":\"EntryPoint\",\"urlTemplate\":\"https:\/\/www.cetruc.pt\/?s={search_term_string}\"},\"query-input\":{\"@type\":\"PropertyValueSpecification\",\"valueRequired\":true,\"valueName\":\"search_term_string\"}}],\"inLanguage\":\"en-US\"},{\"@type\":\"Organization\",\"@id\":\"https:\/\/www.cetruc.pt\/#organization\",\"name\":\"Cetruc\",\"url\":\"https:\/\/www.cetruc.pt\/\",\"logo\":{\"@type\":\"ImageObject\",\"inLanguage\":\"en-US\",\"@id\":\"https:\/\/www.cetruc.pt\/#\/schema\/logo\/image\/\",\"url\":\"https:\/\/www.cetruc.pt\/wp-content\/uploads\/2022\/04\/logo.png\",\"contentUrl\":\"https:\/\/www.cetruc.pt\/wp-content\/uploads\/2022\/04\/logo.png\",\"width\":186,\"height\":180,\"caption\":\"Cetruc\"},\"image\":{\"@id\":\"https:\/\/www.cetruc.pt\/#\/schema\/logo\/image\/\"},\"sameAs\":[\"https:\/\/www.facebook.com\/Cetruc-761188350624626\"]}]}<\/script>\n<!-- \/ Yoast SEO plugin. -->","yoast_head_json":{"title":"Cirurgia Urol\u00f3gica Aberta &#8211; CETRUC","robots":{"index":"index","follow":"follow","max-snippet":"max-snippet:-1","max-image-preview":"max-image-preview:large","max-video-preview":"max-video-preview:-1"},"canonical":"https:\/\/www.cetruc.pt\/en\/cirurgias-tratamentos\/cirurgia-urologica-aberta\/","og_locale":"en_US","og_type":"article","og_title":"Cirurgia Urol\u00f3gica Aberta &#8211; CETRUC","og_url":"https:\/\/www.cetruc.pt\/en\/cirurgias-tratamentos\/cirurgia-urologica-aberta\/","og_site_name":"CETRUC","article_publisher":"https:\/\/www.facebook.com\/Cetruc-761188350624626","article_modified_time":"2022-10-28T14:17:08+00:00","og_image":[{"width":2570,"height":2409,"url":"https:\/\/www.cetruc.pt\/wp-content\/uploads\/2022\/06\/Cetruc-Logo-New_HighRes-03-1.png","type":"image\/png"}],"twitter_card":"summary_large_image","twitter_misc":{"Est. reading time":"1 minute"},"schema":{"@context":"https:\/\/schema.org","@graph":[{"@type":"WebPage","@id":"https:\/\/www.cetruc.pt\/cirurgias-tratamentos\/cirurgia-urologica-aberta\/","url":"https:\/\/www.cetruc.pt\/cirurgias-tratamentos\/cirurgia-urologica-aberta\/","name":"Cirurgia Urol\u00f3gica Aberta &#8211; CETRUC","isPartOf":{"@id":"https:\/\/www.cetruc.pt\/#website"},"primaryImageOfPage":{"@id":"https:\/\/www.cetruc.pt\/cirurgias-tratamentos\/cirurgia-urologica-aberta\/#primaryimage"},"image":{"@id":"https:\/\/www.cetruc.pt\/cirurgias-tratamentos\/cirurgia-urologica-aberta\/#primaryimage"},"thumbnailUrl":"https:\/\/www.cetruc.pt\/wp-content\/uploads\/2022\/06\/Cetruc-Logo-New_HighRes-03-1.png","datePublished":"2022-05-19T11:07:08+00:00","dateModified":"2022-10-28T14:17:08+00:00","breadcrumb":{"@id":"https:\/\/www.cetruc.pt\/cirurgias-tratamentos\/cirurgia-urologica-aberta\/#breadcrumb"},"inLanguage":"en-US","potentialAction":[{"@type":"ReadAction","target":["https:\/\/www.cetruc.pt\/cirurgias-tratamentos\/cirurgia-urologica-aberta\/"]}]},{"@type":"ImageObject","inLanguage":"en-US","@id":"https:\/\/www.cetruc.pt\/cirurgias-tratamentos\/cirurgia-urologica-aberta\/#primaryimage","url":"https:\/\/www.cetruc.pt\/wp-content\/uploads\/2022\/06\/Cetruc-Logo-New_HighRes-03-1.png","contentUrl":"https:\/\/www.cetruc.pt\/wp-content\/uploads\/2022\/06\/Cetruc-Logo-New_HighRes-03-1.png","width":2570,"height":2409,"caption":"Logotipo Urologia"},{"@type":"BreadcrumbList","@id":"https:\/\/www.cetruc.pt\/cirurgias-tratamentos\/cirurgia-urologica-aberta\/#breadcrumb","itemListElement":[{"@type":"ListItem","position":1,"name":"In\u00edcio","item":"https:\/\/www.cetruc.pt\/"},{"@type":"ListItem","position":2,"name":"Cirurgias e Tratamentos","item":"https:\/\/www.cetruc.pt\/cirurgias-tratamentos\/"},{"@type":"ListItem","position":3,"name":"Cirurgia Urol\u00f3gica Aberta"}]},{"@type":"WebSite","@id":"https:\/\/www.cetruc.pt\/#website","url":"https:\/\/www.cetruc.pt\/","name":"Clinics","description":"Centro de Tratamento Urol\u00f3gico de Coimbra","publisher":{"@id":"https:\/\/www.cetruc.pt\/#organization"},"potentialAction":[{"@type":"SearchAction","target":{"@type":"EntryPoint","urlTemplate":"https:\/\/www.cetruc.pt\/?s={search_term_string}"},"query-input":{"@type":"PropertyValueSpecification","valueRequired":true,"valueName":"search_term_string"}}],"inLanguage":"en-US"},{"@type":"Organization","@id":"https:\/\/www.cetruc.pt\/#organization","name":"Cetruc","url":"https:\/\/www.cetruc.pt\/","logo":{"@type":"ImageObject","inLanguage":"en-US","@id":"https:\/\/www.cetruc.pt\/#\/schema\/logo\/image\/","url":"https:\/\/www.cetruc.pt\/wp-content\/uploads\/2022\/04\/logo.png","contentUrl":"https:\/\/www.cetruc.pt\/wp-content\/uploads\/2022\/04\/logo.png","width":186,"height":180,"caption":"Cetruc"},"image":{"@id":"https:\/\/www.cetruc.pt\/#\/schema\/logo\/image\/"},"sameAs":["https:\/\/www.facebook.com\/Cetruc-761188350624626"]}]}},"_links":{"self":[{"href":"https:\/\/www.cetruc.pt\/en\/wp-json\/wp\/v2\/pages\/864","targetHints":{"allow":["GET"]}}],"collection":[{"href":"https:\/\/www.cetruc.pt\/en\/wp-json\/wp\/v2\/pages"}],"about":[{"href":"https:\/\/www.cetruc.pt\/en\/wp-json\/wp\/v2\/types\/page"}],"author":[{"embeddable":true,"href":"https:\/\/www.cetruc.pt\/en\/wp-json\/wp\/v2\/users\/3"}],"replies":[{"embeddable":true,"href":"https:\/\/www.cetruc.pt\/en\/wp-json\/wp\/v2\/comments?post=864"}],"version-history":[{"count":0,"href":"https:\/\/www.cetruc.pt\/en\/wp-json\/wp\/v2\/pages\/864\/revisions"}],"up":[{"embeddable":true,"href":"https:\/\/www.cetruc.pt\/en\/wp-json\/wp\/v2\/pages\/817"}],"wp:featuredmedia":[{"embeddable":true,"href":"https:\/\/www.cetruc.pt\/en\/wp-json\/wp\/v2\/media\/3464"}],"wp:attachment":[{"href":"https:\/\/www.cetruc.pt\/en\/wp-json\/wp\/v2\/media?parent=864"}],"curies":[{"name":"wp","href":"https:\/\/api.w.org\/{rel}","templated":true}]}}