{"id":902,"date":"2022-05-20T16:37:31","date_gmt":"2022-05-20T16:37:31","guid":{"rendered":"https:\/\/www.cetruc.pt\/?page_id=902"},"modified":"2022-10-28T14:10:04","modified_gmt":"2022-10-28T14:10:04","slug":"guia-do-utente","status":"publish","type":"page","link":"https:\/\/www.cetruc.pt\/en\/guia-do-utente\/","title":{"rendered":"Patient Information"},"content":{"rendered":"<div data-elementor-type=\"wp-page\" data-elementor-id=\"902\" class=\"elementor elementor-902\" data-elementor-post-type=\"page\">\n\t\t\t\t\t\t<section class=\"elementor-section elementor-top-section elementor-element elementor-element-af8ab76 elementor-reverse-mobile elementor-section-content-middle elementor-section-boxed elementor-section-height-default elementor-section-height-default\" data-id=\"af8ab76\" data-element_type=\"section\" data-e-type=\"section\" data-settings=\"{&quot;background_background&quot;:&quot;classic&quot;}\">\n\t\t\t\t\t\t<div class=\"elementor-container elementor-column-gap-default\">\n\t\t\t\t\t<div class=\"elementor-column elementor-col-100 elementor-top-column elementor-element elementor-element-be19236\" data-id=\"be19236\" data-element_type=\"column\" data-e-type=\"column\" data-settings=\"{&quot;background_background&quot;:&quot;classic&quot;}\">\n\t\t\t<div class=\"elementor-widget-wrap elementor-element-populated\">\n\t\t\t\t\t<div class=\"elementor-background-overlay\"><\/div>\n\t\t\t\t\t\t<div class=\"elementor-element elementor-element-e212402 elementor-widget elementor-widget-heading\" data-id=\"e212402\" data-element_type=\"widget\" data-e-type=\"widget\" data-widget_type=\"heading.default\">\n\t\t\t\t<div class=\"elementor-widget-container\">\n\t\t\t\t\t<h1 class=\"elementor-heading-title elementor-size-default\">Patient Information<\/h1>\t\t\t\t<\/div>\n\t\t\t\t<\/div>\n\t\t\t\t<div class=\"elementor-element elementor-element-289f691 elementor-widget elementor-widget-text-editor\" data-id=\"289f691\" data-element_type=\"widget\" data-e-type=\"widget\" data-widget_type=\"text-editor.default\">\n\t\t\t\t<div class=\"elementor-widget-container\">\n\t\t\t\t\t\t\t\t\t<p>Tudo o que precisa de saber \u00e0 cerca da cl\u00ednica, marca\u00e7\u00f5es, localiza\u00e7\u00f5es e outras informa\u00e7\u00f5es.<\/p>\t\t\t\t\t\t\t\t<\/div>\n\t\t\t\t<\/div>\n\t\t\t\t\t<\/div>\n\t\t<\/div>\n\t\t\t\t\t<\/div>\n\t\t<\/section>\n\t\t\t\t<section class=\"elementor-section elementor-top-section elementor-element elementor-element-158eb16 elementor-section-boxed elementor-section-height-default elementor-section-height-default\" data-id=\"158eb16\" data-element_type=\"section\" data-e-type=\"section\" data-settings=\"{&quot;background_background&quot;:&quot;classic&quot;}\">\n\t\t\t\t\t\t<div class=\"elementor-container elementor-column-gap-default\">\n\t\t\t\t\t<div class=\"elementor-column elementor-col-100 elementor-top-column elementor-element elementor-element-60df914\" data-id=\"60df914\" data-element_type=\"column\" data-e-type=\"column\">\n\t\t\t<div class=\"elementor-widget-wrap elementor-element-populated\">\n\t\t\t\t\t\t<section class=\"elementor-section elementor-inner-section elementor-element elementor-element-df370a9 elementor-section-content-middle elementor-section-boxed elementor-section-height-default elementor-section-height-default\" data-id=\"df370a9\" data-element_type=\"section\" data-e-type=\"section\" data-settings=\"{&quot;background_background&quot;:&quot;classic&quot;}\">\n\t\t\t\t\t\t<div class=\"elementor-container elementor-column-gap-custom\">\n\t\t\t\t\t<div class=\"elementor-column elementor-col-33 elementor-inner-column elementor-element elementor-element-96b0190\" data-id=\"96b0190\" data-element_type=\"column\" data-e-type=\"column\" data-settings=\"{&quot;background_background&quot;:&quot;classic&quot;}\">\n\t\t\t<div class=\"elementor-widget-wrap elementor-element-populated\">\n\t\t\t\t\t\t<div class=\"elementor-element elementor-element-eebadd1 elementor-widget elementor-widget-heading\" data-id=\"eebadd1\" data-element_type=\"widget\" data-e-type=\"widget\" data-widget_type=\"heading.default\">\n\t\t\t\t<div class=\"elementor-widget-container\">\n\t\t\t\t\t<h5 class=\"elementor-heading-title elementor-size-default\"><a href=\"\/en\/patient-information\/covid-19\/\">COVID-19<\/a><\/h5>\t\t\t\t<\/div>\n\t\t\t\t<\/div>\n\t\t\t\t<div class=\"elementor-element elementor-element-b87684e elementor-widget elementor-widget-heading\" data-id=\"b87684e\" data-element_type=\"widget\" data-e-type=\"widget\" data-widget_type=\"heading.default\">\n\t\t\t\t<div class=\"elementor-widget-container\">\n\t\t\t\t\t<p class=\"elementor-heading-title elementor-size-default\">Our Covid-19 safety measures are designed to keep patients safe when visiting the clinic.<\/p>\t\t\t\t<\/div>\n\t\t\t\t<\/div>\n\t\t\t\t\t<\/div>\n\t\t<\/div>\n\t\t\t\t<div class=\"elementor-column elementor-col-33 elementor-inner-column elementor-element elementor-element-755ba89\" data-id=\"755ba89\" data-element_type=\"column\" data-e-type=\"column\" data-settings=\"{&quot;background_background&quot;:&quot;classic&quot;}\">\n\t\t\t<div class=\"elementor-widget-wrap elementor-element-populated\">\n\t\t\t\t\t\t<div class=\"elementor-element elementor-element-ca15364 elementor-widget elementor-widget-heading\" data-id=\"ca15364\" data-element_type=\"widget\" data-e-type=\"widget\" data-widget_type=\"heading.default\">\n\t\t\t\t<div class=\"elementor-widget-container\">\n\t\t\t\t\t<h5 class=\"elementor-heading-title elementor-size-default\">Your Care<\/h5>\t\t\t\t<\/div>\n\t\t\t\t<\/div>\n\t\t\t\t<div class=\"elementor-element elementor-element-9742e97 elementor-widget elementor-widget-heading\" data-id=\"9742e97\" data-element_type=\"widget\" data-e-type=\"widget\" data-widget_type=\"heading.default\">\n\t\t\t\t<div class=\"elementor-widget-container\">\n\t\t\t\t\t<h6 class=\"elementor-heading-title elementor-size-default\">Our priority is to deliver the highest standards of care to all patients.<\/h6>\t\t\t\t<\/div>\n\t\t\t\t<\/div>\n\t\t\t\t\t<\/div>\n\t\t<\/div>\n\t\t\t\t<div class=\"elementor-column elementor-col-33 elementor-inner-column elementor-element elementor-element-2c88132\" data-id=\"2c88132\" data-element_type=\"column\" data-e-type=\"column\" data-settings=\"{&quot;background_background&quot;:&quot;classic&quot;}\">\n\t\t\t<div class=\"elementor-widget-wrap elementor-element-populated\">\n\t\t\t\t\t\t<div class=\"elementor-element elementor-element-6b11c3c elementor-widget elementor-widget-heading\" data-id=\"6b11c3c\" data-element_type=\"widget\" data-e-type=\"widget\" data-widget_type=\"heading.default\">\n\t\t\t\t<div class=\"elementor-widget-container\">\n\t\t\t\t\t<h5 class=\"elementor-heading-title elementor-size-default\">Our Team<\/h5>\t\t\t\t<\/div>\n\t\t\t\t<\/div>\n\t\t\t\t<div class=\"elementor-element elementor-element-2a83808 elementor-widget elementor-widget-heading\" data-id=\"2a83808\" data-element_type=\"widget\" data-e-type=\"widget\" data-widget_type=\"heading.default\">\n\t\t\t\t<div class=\"elementor-widget-container\">\n\t\t\t\t\t<h6 class=\"elementor-heading-title elementor-size-default\">Together our teams provide exceptional support and care throughout your visit.<\/h6>\t\t\t\t<\/div>\n\t\t\t\t<\/div>\n\t\t\t\t\t<\/div>\n\t\t<\/div>\n\t\t\t\t\t<\/div>\n\t\t<\/section>\n\t\t\t\t<section class=\"elementor-section elementor-inner-section elementor-element elementor-element-a8ed4b8 elementor-section-content-middle elementor-section-boxed elementor-section-height-default elementor-section-height-default\" data-id=\"a8ed4b8\" data-element_type=\"section\" data-e-type=\"section\" data-settings=\"{&quot;background_background&quot;:&quot;classic&quot;}\">\n\t\t\t\t\t\t<div class=\"elementor-container elementor-column-gap-custom\">\n\t\t\t\t\t<div class=\"elementor-column elementor-col-33 elementor-inner-column elementor-element elementor-element-d9c8ec5\" data-id=\"d9c8ec5\" data-element_type=\"column\" data-e-type=\"column\" data-settings=\"{&quot;background_background&quot;:&quot;classic&quot;}\">\n\t\t\t<div class=\"elementor-widget-wrap elementor-element-populated\">\n\t\t\t\t\t\t<div class=\"elementor-element elementor-element-40a4368 elementor-widget elementor-widget-heading\" data-id=\"40a4368\" data-element_type=\"widget\" data-e-type=\"widget\" data-widget_type=\"heading.default\">\n\t\t\t\t<div class=\"elementor-widget-container\">\n\t\t\t\t\t<h5 class=\"elementor-heading-title elementor-size-default\"><a href=\"\/en\/patient-information\/our-facilities\/\">Our Facilities<\/a><\/h5>\t\t\t\t<\/div>\n\t\t\t\t<\/div>\n\t\t\t\t<div class=\"elementor-element elementor-element-1acc53a elementor-widget elementor-widget-heading\" data-id=\"1acc53a\" data-element_type=\"widget\" data-e-type=\"widget\" data-widget_type=\"heading.default\">\n\t\t\t\t<div class=\"elementor-widget-container\">\n\t\t\t\t\t<p class=\"elementor-heading-title elementor-size-default\">Our extensive onsite facilities ensure your comfort and convenience.<\/p>\t\t\t\t<\/div>\n\t\t\t\t<\/div>\n\t\t\t\t\t<\/div>\n\t\t<\/div>\n\t\t\t\t<div class=\"elementor-column elementor-col-33 elementor-inner-column elementor-element elementor-element-f7709b5\" data-id=\"f7709b5\" data-element_type=\"column\" data-e-type=\"column\" data-settings=\"{&quot;background_background&quot;:&quot;classic&quot;}\">\n\t\t\t<div class=\"elementor-widget-wrap elementor-element-populated\">\n\t\t\t\t\t\t<div class=\"elementor-element elementor-element-7189fb3 elementor-widget elementor-widget-heading\" data-id=\"7189fb3\" data-element_type=\"widget\" data-e-type=\"widget\" data-widget_type=\"heading.default\">\n\t\t\t\t<div class=\"elementor-widget-container\">\n\t\t\t\t\t<h5 class=\"elementor-heading-title elementor-size-default\">Our Clinics<\/h5>\t\t\t\t<\/div>\n\t\t\t\t<\/div>\n\t\t\t\t<div class=\"elementor-element elementor-element-d2794aa elementor-widget elementor-widget-heading\" data-id=\"d2794aa\" data-element_type=\"widget\" data-e-type=\"widget\" data-widget_type=\"heading.default\">\n\t\t\t\t<div class=\"elementor-widget-container\">\n\t\t\t\t\t<h6 class=\"elementor-heading-title elementor-size-default\">How to find our clinics<\/h6>\t\t\t\t<\/div>\n\t\t\t\t<\/div>\n\t\t\t\t\t<\/div>\n\t\t<\/div>\n\t\t\t\t<div class=\"elementor-column elementor-col-33 elementor-inner-column elementor-element elementor-element-d4b5b2e\" data-id=\"d4b5b2e\" data-element_type=\"column\" data-e-type=\"column\" data-settings=\"{&quot;background_background&quot;:&quot;classic&quot;}\">\n\t\t\t<div class=\"elementor-widget-wrap elementor-element-populated\">\n\t\t\t\t\t\t<div class=\"elementor-element elementor-element-b548736 elementor-widget elementor-widget-heading\" data-id=\"b548736\" data-element_type=\"widget\" data-e-type=\"widget\" data-widget_type=\"heading.default\">\n\t\t\t\t<div class=\"elementor-widget-container\">\n\t\t\t\t\t<h5 class=\"elementor-heading-title elementor-size-default\">Insured Patients<\/h5>\t\t\t\t<\/div>\n\t\t\t\t<\/div>\n\t\t\t\t<div class=\"elementor-element elementor-element-dfd7f37 elementor-widget elementor-widget-heading\" data-id=\"dfd7f37\" data-element_type=\"widget\" data-e-type=\"widget\" data-widget_type=\"heading.default\">\n\t\t\t\t<div class=\"elementor-widget-container\">\n\t\t\t\t\t<h6 class=\"elementor-heading-title elementor-size-default\">Guidance to payment of your fees through your health insurance company.<\/h6>\t\t\t\t<\/div>\n\t\t\t\t<\/div>\n\t\t\t\t\t<\/div>\n\t\t<\/div>\n\t\t\t\t\t<\/div>\n\t\t<\/section>\n\t\t\t\t<section class=\"elementor-section elementor-inner-section elementor-element elementor-element-64a5997 elementor-section-content-middle elementor-section-boxed elementor-section-height-default elementor-section-height-default\" data-id=\"64a5997\" data-element_type=\"section\" data-e-type=\"section\" data-settings=\"{&quot;background_background&quot;:&quot;classic&quot;}\">\n\t\t\t\t\t\t<div class=\"elementor-container elementor-column-gap-custom\">\n\t\t\t\t\t<div class=\"elementor-column elementor-col-33 elementor-inner-column elementor-element elementor-element-17898d9\" data-id=\"17898d9\" data-element_type=\"column\" data-e-type=\"column\" data-settings=\"{&quot;background_background&quot;:&quot;classic&quot;}\">\n\t\t\t<div class=\"elementor-widget-wrap elementor-element-populated\">\n\t\t\t\t\t\t<div class=\"elementor-element elementor-element-62c4d42 elementor-widget elementor-widget-heading\" data-id=\"62c4d42\" data-element_type=\"widget\" data-e-type=\"widget\" data-widget_type=\"heading.default\">\n\t\t\t\t<div class=\"elementor-widget-container\">\n\t\t\t\t\t<h5 class=\"elementor-heading-title elementor-size-default\">Self-Funding Patients<\/h5>\t\t\t\t<\/div>\n\t\t\t\t<\/div>\n\t\t\t\t<div class=\"elementor-element elementor-element-6e56563 elementor-widget elementor-widget-heading\" data-id=\"6e56563\" data-element_type=\"widget\" data-e-type=\"widget\" data-widget_type=\"heading.default\">\n\t\t\t\t<div class=\"elementor-widget-container\">\n\t\t\t\t\t<p class=\"elementor-heading-title elementor-size-default\">Advice on funding your consultation and treatment costs yourself.<\/p>\t\t\t\t<\/div>\n\t\t\t\t<\/div>\n\t\t\t\t\t<\/div>\n\t\t<\/div>\n\t\t\t\t<div class=\"elementor-column elementor-col-33 elementor-inner-column elementor-element elementor-element-98fa932\" data-id=\"98fa932\" data-element_type=\"column\" data-e-type=\"column\" data-settings=\"{&quot;background_background&quot;:&quot;classic&quot;}\">\n\t\t\t<div class=\"elementor-widget-wrap elementor-element-populated\">\n\t\t\t\t\t\t<div class=\"elementor-element elementor-element-0e9c95f elementor-widget elementor-widget-heading\" data-id=\"0e9c95f\" data-element_type=\"widget\" data-e-type=\"widget\" data-widget_type=\"heading.default\">\n\t\t\t\t<div class=\"elementor-widget-container\">\n\t\t\t\t\t<h5 class=\"elementor-heading-title elementor-size-default\"><a href=\"\/en\/patient-information\/faqs\/\">FAQS<\/a><\/h5>\t\t\t\t<\/div>\n\t\t\t\t<\/div>\n\t\t\t\t<div class=\"elementor-element elementor-element-43ce59a elementor-widget elementor-widget-heading\" data-id=\"43ce59a\" data-element_type=\"widget\" data-e-type=\"widget\" data-widget_type=\"heading.default\">\n\t\t\t\t<div class=\"elementor-widget-container\">\n\t\t\t\t\t<h6 class=\"elementor-heading-title elementor-size-default\">Answers to your questions about booking and attending clinic appointments.<\/h6>\t\t\t\t<\/div>\n\t\t\t\t<\/div>\n\t\t\t\t\t<\/div>\n\t\t<\/div>\n\t\t\t\t<div class=\"elementor-column elementor-col-33 elementor-inner-column elementor-element elementor-element-1eaca6a\" data-id=\"1eaca6a\" data-element_type=\"column\" data-e-type=\"column\" data-settings=\"{&quot;background_background&quot;:&quot;classic&quot;}\">\n\t\t\t<div class=\"elementor-widget-wrap elementor-element-populated\">\n\t\t\t\t\t\t<div class=\"elementor-element elementor-element-a4d7f3f elementor-widget elementor-widget-heading\" data-id=\"a4d7f3f\" data-element_type=\"widget\" data-e-type=\"widget\" data-widget_type=\"heading.default\">\n\t\t\t\t<div class=\"elementor-widget-container\">\n\t\t\t\t\t<h5 class=\"elementor-heading-title elementor-size-default\">Customer Support<\/h5>\t\t\t\t<\/div>\n\t\t\t\t<\/div>\n\t\t\t\t<div class=\"elementor-element elementor-element-a799883 elementor-widget elementor-widget-heading\" data-id=\"a799883\" data-element_type=\"widget\" data-e-type=\"widget\" data-widget_type=\"heading.default\">\n\t\t\t\t<div class=\"elementor-widget-container\">\n\t\t\t\t\t<h6 class=\"elementor-heading-title elementor-size-default\">Message us for more information<\/h6>\t\t\t\t<\/div>\n\t\t\t\t<\/div>\n\t\t\t\t\t<\/div>\n\t\t<\/div>\n\t\t\t\t\t<\/div>\n\t\t<\/section>\n\t\t\t\t\t<\/div>\n\t\t<\/div>\n\t\t\t\t\t<\/div>\n\t\t<\/section>\n\t\t\t\t<section class=\"elementor-section elementor-top-section elementor-element elementor-element-e44b18e elementor-section-boxed elementor-section-height-default elementor-section-height-default\" data-id=\"e44b18e\" data-element_type=\"section\" data-e-type=\"section\" data-settings=\"{&quot;background_background&quot;:&quot;classic&quot;}\">\n\t\t\t\t\t\t<div class=\"elementor-container elementor-column-gap-custom\">\n\t\t\t\t\t<div class=\"elementor-column elementor-col-100 elementor-top-column elementor-element elementor-element-910d6ae\" data-id=\"910d6ae\" data-element_type=\"column\" data-e-type=\"column\">\n\t\t\t<div class=\"elementor-widget-wrap elementor-element-populated\">\n\t\t\t\t\t\t<div class=\"elementor-element elementor-element-3208bf8 elementor-widget elementor-widget-heading\" data-id=\"3208bf8\" data-element_type=\"widget\" data-e-type=\"widget\" data-widget_type=\"heading.default\">\n\t\t\t\t<div class=\"elementor-widget-container\">\n\t\t\t\t\t<h2 class=\"elementor-heading-title elementor-size-default\">Need more help?<\/h2>\t\t\t\t<\/div>\n\t\t\t\t<\/div>\n\t\t\t\t<div class=\"elementor-element elementor-element-f56478d elementor-widget elementor-widget-text-editor\" data-id=\"f56478d\" data-element_type=\"widget\" data-e-type=\"widget\" data-widget_type=\"text-editor.default\">\n\t\t\t\t<div class=\"elementor-widget-container\">\n\t\t\t\t\t\t\t\t\t<p>Our team of nurses and support staff can help answer your questions or assist with arranging your appointment.<\/p>\t\t\t\t\t\t\t\t<\/div>\n\t\t\t\t<\/div>\n\t\t\t\t<div class=\"elementor-element elementor-element-25fa501 elementor-align-center elementor-widget elementor-widget-button\" data-id=\"25fa501\" data-element_type=\"widget\" data-e-type=\"widget\" data-widget_type=\"button.default\">\n\t\t\t\t<div class=\"elementor-widget-container\">\n\t\t\t\t\t\t\t\t\t<div class=\"elementor-button-wrapper\">\n\t\t\t\t\t<a class=\"elementor-button elementor-button-link elementor-size-sm\" href=\"#elementor-action%3Aaction%3Dpopup%3Aopen%26settings%3DeyJpZCI6IjE2NjkiLCJ0b2dnbGUiOmZhbHNlfQ%3D%3D\">\n\t\t\t\t\t\t<span class=\"elementor-button-content-wrapper\">\n\t\t\t\t\t\t<span class=\"elementor-button-icon\">\n\t\t\t\t<i aria-hidden=\"true\" class=\"fas fa-angle-right\"><\/i>\t\t\t<\/span>\n\t\t\t\t\t\t\t\t\t<span class=\"elementor-button-text\">REQUEST A CALLBACK<\/span>\n\t\t\t\t\t<\/span>\n\t\t\t\t\t<\/a>\n\t\t\t\t<\/div>\n\t\t\t\t\t\t\t\t<\/div>\n\t\t\t\t<\/div>\n\t\t\t\t\t<\/div>\n\t\t<\/div>\n\t\t\t\t\t<\/div>\n\t\t<\/section>\n\t\t\t\t<\/div>","protected":false},"excerpt":{"rendered":"<p>Guia do Utente Tudo o que precisa de saber \u00e0 cerca da cl\u00ednica, marca\u00e7\u00f5es, localiza\u00e7\u00f5es e outras informa\u00e7\u00f5es. COVID-19 Our Covid-19 safety measures are designed to keep patients safe when visiting the clinic. Your Care Our priority is to deliver the highest standards of care to all patients. Our Team Together our teams provide exceptional [&hellip;]<\/p>\n","protected":false},"author":3,"featured_media":3464,"parent":0,"menu_order":0,"comment_status":"closed","ping_status":"closed","template":"","meta":{"ngg_post_thumbnail":0,"cybocfi_hide_featured_image":"","footnotes":""},"class_list":["post-902","page","type-page","status-publish","has-post-thumbnail","hentry"],"yoast_head":"<!-- This site is optimized with the Yoast SEO plugin v27.1.1 - https:\/\/yoast.com\/product\/yoast-seo-wordpress\/ -->\n<title>Patient Information &#8211; CETRUC<\/title>\n<meta name=\"description\" content=\"CETRUC Patient Information\" \/>\n<meta name=\"robots\" content=\"index, follow, max-snippet:-1, max-image-preview:large, max-video-preview:-1\" \/>\n<link rel=\"canonical\" href=\"https:\/\/www.cetruc.pt\/en\/guia-do-utente\/\" \/>\n<meta property=\"og:locale\" content=\"en_US\" \/>\n<meta property=\"og:type\" content=\"article\" \/>\n<meta property=\"og:title\" content=\"Patient Information &#8211; CETRUC\" \/>\n<meta property=\"og:description\" content=\"CETRUC Patient Information\" \/>\n<meta property=\"og:url\" content=\"https:\/\/www.cetruc.pt\/en\/guia-do-utente\/\" \/>\n<meta property=\"og:site_name\" content=\"CETRUC\" \/>\n<meta property=\"article:publisher\" content=\"https:\/\/www.facebook.com\/Cetruc-761188350624626\" \/>\n<meta property=\"article:modified_time\" content=\"2022-10-28T14:10:04+00:00\" \/>\n<meta property=\"og:image\" content=\"https:\/\/www.cetruc.pt\/wp-content\/uploads\/2022\/06\/Cetruc-Logo-New_HighRes-03-1.png\" \/>\n\t<meta property=\"og:image:width\" content=\"2570\" \/>\n\t<meta property=\"og:image:height\" content=\"2409\" \/>\n\t<meta property=\"og:image:type\" content=\"image\/png\" \/>\n<meta name=\"twitter:card\" content=\"summary_large_image\" \/>\n<meta name=\"twitter:label1\" content=\"Est. reading time\" \/>\n\t<meta name=\"twitter:data1\" content=\"1 minute\" \/>\n<script type=\"application\/ld+json\" class=\"yoast-schema-graph\">{\"@context\":\"https:\/\/schema.org\",\"@graph\":[{\"@type\":\"WebPage\",\"@id\":\"https:\/\/www.cetruc.pt\/guia-do-utente\/\",\"url\":\"https:\/\/www.cetruc.pt\/guia-do-utente\/\",\"name\":\"Patient Information &#8211; CETRUC\",\"isPartOf\":{\"@id\":\"https:\/\/www.cetruc.pt\/#website\"},\"primaryImageOfPage\":{\"@id\":\"https:\/\/www.cetruc.pt\/guia-do-utente\/#primaryimage\"},\"image\":{\"@id\":\"https:\/\/www.cetruc.pt\/guia-do-utente\/#primaryimage\"},\"thumbnailUrl\":\"https:\/\/www.cetruc.pt\/wp-content\/uploads\/2022\/06\/Cetruc-Logo-New_HighRes-03-1.png\",\"datePublished\":\"2022-05-20T16:37:31+00:00\",\"dateModified\":\"2022-10-28T14:10:04+00:00\",\"description\":\"CETRUC Patient Information\",\"breadcrumb\":{\"@id\":\"https:\/\/www.cetruc.pt\/guia-do-utente\/#breadcrumb\"},\"inLanguage\":\"en-US\",\"potentialAction\":[{\"@type\":\"ReadAction\",\"target\":[\"https:\/\/www.cetruc.pt\/guia-do-utente\/\"]}]},{\"@type\":\"ImageObject\",\"inLanguage\":\"en-US\",\"@id\":\"https:\/\/www.cetruc.pt\/guia-do-utente\/#primaryimage\",\"url\":\"https:\/\/www.cetruc.pt\/wp-content\/uploads\/2022\/06\/Cetruc-Logo-New_HighRes-03-1.png\",\"contentUrl\":\"https:\/\/www.cetruc.pt\/wp-content\/uploads\/2022\/06\/Cetruc-Logo-New_HighRes-03-1.png\",\"width\":2570,\"height\":2409,\"caption\":\"Logotipo Urologia\"},{\"@type\":\"BreadcrumbList\",\"@id\":\"https:\/\/www.cetruc.pt\/guia-do-utente\/#breadcrumb\",\"itemListElement\":[{\"@type\":\"ListItem\",\"position\":1,\"name\":\"In\u00edcio\",\"item\":\"https:\/\/www.cetruc.pt\/\"},{\"@type\":\"ListItem\",\"position\":2,\"name\":\"Patient Information\"}]},{\"@type\":\"WebSite\",\"@id\":\"https:\/\/www.cetruc.pt\/#website\",\"url\":\"https:\/\/www.cetruc.pt\/\",\"name\":\"CETRUC\",\"description\":\"Centro de Tratamento Urol\u00f3gico de Coimbra\",\"publisher\":{\"@id\":\"https:\/\/www.cetruc.pt\/#organization\"},\"potentialAction\":[{\"@type\":\"SearchAction\",\"target\":{\"@type\":\"EntryPoint\",\"urlTemplate\":\"https:\/\/www.cetruc.pt\/?s={search_term_string}\"},\"query-input\":{\"@type\":\"PropertyValueSpecification\",\"valueRequired\":true,\"valueName\":\"search_term_string\"}}],\"inLanguage\":\"en-US\"},{\"@type\":\"Organization\",\"@id\":\"https:\/\/www.cetruc.pt\/#organization\",\"name\":\"Cetruc\",\"url\":\"https:\/\/www.cetruc.pt\/\",\"logo\":{\"@type\":\"ImageObject\",\"inLanguage\":\"en-US\",\"@id\":\"https:\/\/www.cetruc.pt\/#\/schema\/logo\/image\/\",\"url\":\"https:\/\/www.cetruc.pt\/wp-content\/uploads\/2022\/04\/logo.png\",\"contentUrl\":\"https:\/\/www.cetruc.pt\/wp-content\/uploads\/2022\/04\/logo.png\",\"width\":186,\"height\":180,\"caption\":\"Cetruc\"},\"image\":{\"@id\":\"https:\/\/www.cetruc.pt\/#\/schema\/logo\/image\/\"},\"sameAs\":[\"https:\/\/www.facebook.com\/Cetruc-761188350624626\"]}]}<\/script>\n<!-- \/ Yoast SEO plugin. -->","yoast_head_json":{"title":"Patient Information &#8211; CETRUC","description":"CETRUC Patient Information","robots":{"index":"index","follow":"follow","max-snippet":"max-snippet:-1","max-image-preview":"max-image-preview:large","max-video-preview":"max-video-preview:-1"},"canonical":"https:\/\/www.cetruc.pt\/en\/guia-do-utente\/","og_locale":"en_US","og_type":"article","og_title":"Patient Information &#8211; CETRUC","og_description":"CETRUC Patient Information","og_url":"https:\/\/www.cetruc.pt\/en\/guia-do-utente\/","og_site_name":"CETRUC","article_publisher":"https:\/\/www.facebook.com\/Cetruc-761188350624626","article_modified_time":"2022-10-28T14:10:04+00:00","og_image":[{"width":2570,"height":2409,"url":"https:\/\/www.cetruc.pt\/wp-content\/uploads\/2022\/06\/Cetruc-Logo-New_HighRes-03-1.png","type":"image\/png"}],"twitter_card":"summary_large_image","twitter_misc":{"Est. reading time":"1 minute"},"schema":{"@context":"https:\/\/schema.org","@graph":[{"@type":"WebPage","@id":"https:\/\/www.cetruc.pt\/guia-do-utente\/","url":"https:\/\/www.cetruc.pt\/guia-do-utente\/","name":"Patient Information &#8211; CETRUC","isPartOf":{"@id":"https:\/\/www.cetruc.pt\/#website"},"primaryImageOfPage":{"@id":"https:\/\/www.cetruc.pt\/guia-do-utente\/#primaryimage"},"image":{"@id":"https:\/\/www.cetruc.pt\/guia-do-utente\/#primaryimage"},"thumbnailUrl":"https:\/\/www.cetruc.pt\/wp-content\/uploads\/2022\/06\/Cetruc-Logo-New_HighRes-03-1.png","datePublished":"2022-05-20T16:37:31+00:00","dateModified":"2022-10-28T14:10:04+00:00","description":"CETRUC Patient Information","breadcrumb":{"@id":"https:\/\/www.cetruc.pt\/guia-do-utente\/#breadcrumb"},"inLanguage":"en-US","potentialAction":[{"@type":"ReadAction","target":["https:\/\/www.cetruc.pt\/guia-do-utente\/"]}]},{"@type":"ImageObject","inLanguage":"en-US","@id":"https:\/\/www.cetruc.pt\/guia-do-utente\/#primaryimage","url":"https:\/\/www.cetruc.pt\/wp-content\/uploads\/2022\/06\/Cetruc-Logo-New_HighRes-03-1.png","contentUrl":"https:\/\/www.cetruc.pt\/wp-content\/uploads\/2022\/06\/Cetruc-Logo-New_HighRes-03-1.png","width":2570,"height":2409,"caption":"Logotipo Urologia"},{"@type":"BreadcrumbList","@id":"https:\/\/www.cetruc.pt\/guia-do-utente\/#breadcrumb","itemListElement":[{"@type":"ListItem","position":1,"name":"In\u00edcio","item":"https:\/\/www.cetruc.pt\/"},{"@type":"ListItem","position":2,"name":"Patient Information"}]},{"@type":"WebSite","@id":"https:\/\/www.cetruc.pt\/#website","url":"https:\/\/www.cetruc.pt\/","name":"Clinics","description":"Centro de Tratamento Urol\u00f3gico de Coimbra","publisher":{"@id":"https:\/\/www.cetruc.pt\/#organization"},"potentialAction":[{"@type":"SearchAction","target":{"@type":"EntryPoint","urlTemplate":"https:\/\/www.cetruc.pt\/?s={search_term_string}"},"query-input":{"@type":"PropertyValueSpecification","valueRequired":true,"valueName":"search_term_string"}}],"inLanguage":"en-US"},{"@type":"Organization","@id":"https:\/\/www.cetruc.pt\/#organization","name":"Cetruc","url":"https:\/\/www.cetruc.pt\/","logo":{"@type":"ImageObject","inLanguage":"en-US","@id":"https:\/\/www.cetruc.pt\/#\/schema\/logo\/image\/","url":"https:\/\/www.cetruc.pt\/wp-content\/uploads\/2022\/04\/logo.png","contentUrl":"https:\/\/www.cetruc.pt\/wp-content\/uploads\/2022\/04\/logo.png","width":186,"height":180,"caption":"Cetruc"},"image":{"@id":"https:\/\/www.cetruc.pt\/#\/schema\/logo\/image\/"},"sameAs":["https:\/\/www.facebook.com\/Cetruc-761188350624626"]}]}},"_links":{"self":[{"href":"https:\/\/www.cetruc.pt\/en\/wp-json\/wp\/v2\/pages\/902","targetHints":{"allow":["GET"]}}],"collection":[{"href":"https:\/\/www.cetruc.pt\/en\/wp-json\/wp\/v2\/pages"}],"about":[{"href":"https:\/\/www.cetruc.pt\/en\/wp-json\/wp\/v2\/types\/page"}],"author":[{"embeddable":true,"href":"https:\/\/www.cetruc.pt\/en\/wp-json\/wp\/v2\/users\/3"}],"replies":[{"embeddable":true,"href":"https:\/\/www.cetruc.pt\/en\/wp-json\/wp\/v2\/comments?post=902"}],"version-history":[{"count":0,"href":"https:\/\/www.cetruc.pt\/en\/wp-json\/wp\/v2\/pages\/902\/revisions"}],"wp:featuredmedia":[{"embeddable":true,"href":"https:\/\/www.cetruc.pt\/en\/wp-json\/wp\/v2\/media\/3464"}],"wp:attachment":[{"href":"https:\/\/www.cetruc.pt\/en\/wp-json\/wp\/v2\/media?parent=902"}],"curies":[{"name":"wp","href":"https:\/\/api.w.org\/{rel}","templated":true}]}}